{"id":5252,"date":"2022-03-18T22:29:22","date_gmt":"2022-03-18T22:29:22","guid":{"rendered":"https:\/\/priceattorneys.com\/?page_id=5252"},"modified":"2022-05-02T16:58:46","modified_gmt":"2022-05-02T16:58:46","slug":"rutherfordton","status":"publish","type":"page","link":"https:\/\/priceattorneys.com\/es\/rutherfordton\/","title":{"rendered":"Rutherfordton"},"content":{"rendered":"\n\n\t\t\t\t<img decoding=\"async\" src=\"https:\/\/priceattorneys.com\/wp-content\/uploads\/2022\/03\/Personal-Injury-Charlotte.jpg\" alt=\"Personal-Injury-Charlotte\" itemprop=\"image\" height=\"621\" width=\"1245\" title=\"Personal-Injury-Charlotte\" onerror=\"this.style.display='none'\"  \/>\n\t<h1>Abogados de lesiones personales de Rutherfordton<\/h1>\n<h2>Abogado respetado para v\u00edctimas de lesiones y sus familias en el condado de Rutherford, NC<\/h2>\n<p>Cuando usted o alguien a quien ama sufre da\u00f1o debido a las acciones negligentes de otro, enfrenta una monta\u00f1a de desaf\u00edos. Adem\u00e1s de lidiar con el dolor de una lesi\u00f3n grave, es posible que se pregunte qui\u00e9n pagar\u00e1 sus facturas m\u00e9dicas. Sin un cheque de pago, \u00bfc\u00f3mo pagar\u00e1 los gastos de su hogar? \u00bfQu\u00e9 le deparar\u00e1 el futuro a usted y su familia?<\/p>\n<p>En Price, Petho &amp; Asociados, nuestros abogados de lesiones personales en Rutherfordton pueden responder estas preguntas y brindarle tranquilidad. Queremos ayudarlo a responsabilizar a las personas adecuadas por lo que le sucedi\u00f3 y, lo que es m\u00e1s importante, ayudarlo a recuperar una compensaci\u00f3n por sus lesiones y p\u00e9rdidas. Con un larga historia de \u00e9xito para nuestros clientes, estamos seguros de que podemos ayudarlo a usted tambi\u00e9n. Hable con nosotros hoy para descubrir la mejor manera de seguir adelante con su caso de lesiones personales.<\/p>\n\t<h2>\u00bfQu\u00e9 le gustar\u00eda saber?<\/h2>\n\t<ul>\n<li><a href=\"#FAQ1\">\u00bfQu\u00e9 tipo de casos de lesiones maneja?<\/a><\/li>\n<li><a href=\"#FAQ2\">\u00bfQu\u00e9 debo hacer si me lesiono en un accidente de Rutherfordton?<\/a><\/li>\n<li><a href=\"#FAQ3\">\u00bfCu\u00e1les son las lesiones catastr\u00f3ficas comunes?<\/a><\/li>\n<li><a href=\"#FAQ4\">\u00bfCu\u00e1nto tiempo tengo para presentar un reclamo por lesiones personales en Rutherfordton?<\/a><\/li>\n<li><a href=\"#FAQ5\">\u00bfCu\u00e1l es el valor de mi caso de lesiones personales?<\/a><\/li>\n<li><a href=\"#FAQ6\">\u00bfTiene un abogado de lesiones personales cerca de m\u00ed?<\/a><\/li>\n<\/ul>\n\t<h4><img decoding=\"async\" src=\"https:\/\/priceattorneys.com\/wp-content\/uploads\/2022\/03\/GOOGLE-5-STAR-300x106.png\" alt=\"\" width=\"300\" height=\"106\" \/><\/h4>\n<div id=\"testimonial_rotator_wrap_3550\" class=\"testimonial_rotator_wrap\">\n\t<div id=\"testimonial_rotator_3550\" class=\"testimonial_rotator  cycletwo-slideshow format-rotator template-default\" data-cycletwo-timeout=\"5000\" data-cycletwo-speed=\"1000\" data-cycletwo-pause-on-hover=\"true\"  data-cycletwo-swipe=\"true\" data-cycletwo-fx=\"fade\" data-cycletwo-auto-height=\"calc\" data-cycletwo-slides=\"> div.slide\" data-cycletwo-log=\"false\" >\n<div class=\"slide slide1 testimonial_rotator_slide  item  cf-tr\">\n<div class=\"text testimonial_rotator_description\">\n<div class=\"testimonial_rotator_quote\">\nI reached out to Price, Petho, and Associates after I found myself in need of an attorney for an accident I was in that led to personal injury. This was my first experience with something like this and they guided me through the process every step of the way. Every question I had was answered promptly and I truly feel they had my best interest at heart. I highly recommend them if you should find yourself in need of these services. \u2013 C.P.<\/div>\n<\/div>\n<\/div>\n<\/div><!-- #testimonial_rotator_3550 -->\n<\/div><!-- .testimonial_rotator_wrap -->\n\n\n\t\t\t\t<img decoding=\"async\" src=\"https:\/\/priceattorneys.com\/wp-content\/uploads\/2022\/03\/Personal-Injury-Charlotte-Attorneys.jpg\" alt=\"Personal-Injury-Charlotte-Attorneys\" itemprop=\"image\" height=\"937\" width=\"807\" title=\"Personal-Injury-Charlotte-Attorneys\" onerror=\"this.style.display='none'\"  \/>\n\t<h2>\u00bfQu\u00e9 tipo de casos de lesiones maneja?<\/h2>\n<p>Los abogados de lesiones personales de Rutherfordton en Price, Petho &amp; Asociados ayudan a los clientes que sufrieron lesiones que les cambiaron la vida en una amplia variedad de formas. Algunos de los tipos m\u00e1s comunes de reclamos por lesiones personales que manejamos incluyen:<\/p>\n<p><a href=\"https:\/\/priceattorneys.com\/es\/lesiones-personales\/accidentes-automovilisticos\/\"><strong>Accidentes automovil\u00edsticos<\/strong><\/a>. Los accidentes automovil\u00edsticos son comunes en Rutherfordton y sus alrededores, y pueden provocar lesiones graves a las personas involucradas.<\/p>\n<p><a href=\"https:\/\/priceattorneys.com\/es\/lesiones-personales\/accidente-de-camion\/\"><strong>Accidentes de camiones<\/strong><\/a>. Los accidentes que involucran camiones comerciales grandes a menudo resultan en lesiones catastr\u00f3ficas para quienes se encuentran dentro de los veh\u00edculos de pasajeros tradicionales.<\/p>\n<p><a href=\"https:\/\/priceattorneys.com\/es\/lesiones-personales\/productos-defectuosos\/\"><strong>Productos defectuosos<\/strong><\/a>. Los productos pueden sufrir defectos de varias maneras y causar un da\u00f1o significativo a los consumidores. Las empresas y los fabricantes deben ser considerados responsables cuando las lesiones resultan de su negligencia.<\/p>\n<p><a href=\"https:\/\/priceattorneys.com\/es\/lesiones-personales\/lesiones-de-peatones\/\"><strong>Lesiones de peatones<\/strong><\/a>. Los peatones son incre\u00edblemente vulnerables a lesiones graves en caso de que sean atropellados por autom\u00f3viles, motocicletas, scooters y cualquier otro veh\u00edculo.<\/p>\n<p><a href=\"https:\/\/priceattorneys.com\/es\/lesiones-personales\/responsabilidad-de-los-locales\/\"><strong>Reclamaciones de responsabilidad de locales<\/strong><\/a>. Los propietarios tienen el deber de garantizar la seguridad de quienes tienen derecho a estar en sus instalaciones. Si no lo hacen, los visitantes y hu\u00e9spedes pueden sufrir accidentes prevenibles.<\/p>\n<p><a href=\"https:\/\/priceattorneys.com\/es\/lesiones-personales\/negligencia-medica\/\"><strong>Reclamos por negligencia m\u00e9dica<\/strong><\/a>. Las investigaciones indican que los errores m\u00e9dicos son una de las principales causas de muerte en el pa\u00eds y lesionan a millones de pacientes cada a\u00f1o. Estos incidentes surgen debido a problemas de diagn\u00f3stico, errores quir\u00fargicos, errores de medicaci\u00f3n, infecciones y m\u00e1s.<\/p>\n<p><a href=\"https:\/\/priceattorneys.com\/es\/lesiones-personales\/mordeduras-de-perro-y-ataques-de-animales\/\"><strong>Mordeduras y ataques de perros<\/strong><\/a>. Cada vez que una persona resulta lesionada debido al ataque de un animal, el due\u00f1o del animal debe ser considerado responsable y debe pagar una compensaci\u00f3n a la v\u00edctima.<\/p>\n<p><strong>lesiones laborales<\/strong>. Las lesiones en el lugar de trabajo son incre\u00edblemente comunes, pero los empleadores y las compa\u00f1\u00edas de seguros de compensaci\u00f3n para trabajadores a menudo se oponen cuando se trata de presentar un reclamo. Podemos ayudar.<\/p>\n<p><a href=\"https:\/\/priceattorneys.com\/es\/compensacion-de-trabajadores\/accidentes-de-construccion\/\"><strong>Accidentes de construccion<\/strong><\/a>. La industria de la construcci\u00f3n es incre\u00edblemente peligrosa para los empleados. Cuando los trabajadores sufren una lesi\u00f3n en el trabajo, merecen una compensaci\u00f3n total por sus p\u00e9rdidas.<\/p>\n<p>Entendemos que una lesi\u00f3n grave puede provocar contratiempos importantes en la vida, por lo que el equipo de Price, Petho &amp; Asociados est\u00e1 listo para estar a su lado. Nuestros abogados de lesiones personales en Rutherfordton tienen una amplia experiencia en el manejo de este tipo de reclamos complejos, y si usted o alguien a quien ama ha resultado lesionado debido a las acciones negligentes o descuidadas de otra persona, queremos ayudarlo.<\/p>\n\t<h2>\u00bfQu\u00e9 debo hacer si me lesiono en un accidente de Rutherfordton?<\/h2>\n<p>Los pasos que tome despu\u00e9s de su accidente pueden marcar la diferencia tanto en su salud f\u00edsica como en el \u00e9xito de cualquier acci\u00f3n legal futura que pueda tomar. Su primera prioridad siempre debe ser recibir atenci\u00f3n m\u00e9dica para lesiones urgentes. Otros pasos importantes incluyen:<\/p>\n<ul>\n<li>Tomar fotos y\/o videos de la escena del accidente y sus lesiones<\/li>\n<li>Llamar a las autoridades, si es un accidente de tr\u00e1fico, y obtener un informe policial.<\/li>\n<li>Obtenga la informaci\u00f3n de contacto de cualquier testigo<\/li>\n<li>Presente los informes de accidentes necesarios<\/li>\n<li>Busque atenci\u00f3n m\u00e9dica; guarde todos los documentos m\u00e9dicos y siga las \u00f3rdenes del m\u00e9dico<\/li>\n<li>Escriba los detalles de su accidente y lesiones mientras a\u00fan est\u00e1n frescos en su mente.<\/li>\n<\/ul>\n<p>Luego, comun\u00edquese con los abogados de lesiones de Rutherfordton en Price, Petho &amp; Asociados para una consulta gratuita para discutir sus pr\u00f3ximos pasos. Podemos guiarlo a trav\u00e9s del proceso legal con conocimiento y confianza.<\/p>\n\t<h2>\u00bfCu\u00e1les son las lesiones catastr\u00f3ficas comunes?<\/h2>\n<p>No todos los accidentes y lesiones se consideran catastr\u00f3ficos. Sin embargo, hay algunas lesiones que ocurren que son mucho m\u00e1s graves que otras. Para que una lesi\u00f3n se considere catastr\u00f3fica, altera significativamente la vida de la v\u00edctima. En muchos casos, una lesi\u00f3n catastr\u00f3fica resulta en una discapacidad permanente. En otros casos, una lesi\u00f3n tambi\u00e9n afecta la funci\u00f3n cognitiva de una persona.<\/p>\n<p>Cuando ocurran estas lesiones, necesitar\u00e1 un abogado que literalmente luche por su vida. Algunos de los tipos m\u00e1s comunes de reclamos por lesiones catastr\u00f3ficas con los que ayudamos a nuestros clientes incluyen:<\/p>\n<ul>\n<li><a href=\"https:\/\/priceattorneys.com\/es\/lesiones-personales\/lesiones-catastroficas\/lesiones-de-la-medula-espinal\/\">Lesiones de la m\u00e9dula espinal y par\u00e1lisis.<\/a><\/li>\n<li><a href=\"https:\/\/priceattorneys.com\/es\/lesiones-personales\/lesiones-catastroficas\/lesiones-cerebrales\/\">Lesiones cerebrales traum\u00e1ticas<\/a><\/li>\n<li>Da\u00f1o nervioso significativo<\/li>\n<li>P\u00e9rdida de una extremidad<\/li>\n<li><a href=\"https:\/\/priceattorneys.com\/es\/lesiones-personales\/lesiones-catastroficas\/lesiones-por-quemaduras\/\">Quemaduras severas<\/a><\/li>\n<li>Cicatrizaci\u00f3n significativa y desfiguraci\u00f3n.<\/li>\n<li><a href=\"https:\/\/priceattorneys.com\/es\/lesiones-personales\/muerte-injusta\/\">Muerte injusta<\/a><\/li>\n<\/ul>\n<p>En Price, Petho &amp; Asociados, tambi\u00e9n podemos iniciar una investigaci\u00f3n exhaustiva sobre c\u00f3mo ocurrieron sus lesiones para garantizar que las personas o partes adecuadas sean responsables de sus acciones negligentes.<\/p>\n\t\t\t\t<img decoding=\"async\" src=\"https:\/\/priceattorneys.com\/wp-content\/uploads\/2022\/03\/Price-Attorneys-Offices.jpg\" alt=\"Price-Attorneys-Offices\" itemprop=\"image\" height=\"499\" width=\"770\" title=\"Price-Attorneys-Offices\" onerror=\"this.style.display='none'\"  \/>\n\t<h2>\u00bfCu\u00e1nto tiempo tengo para presentar un reclamo por lesiones personales en Rutherfordton?<\/h2>\n<p>Es importante comprender que si usted o un ser querido sufre da\u00f1os debido a la negligencia de otra persona, tiene un tiempo limitado para presentar su reclamo ante el tribunal. El estatuto de limitaciones de lesiones personales de Carolina del Norte es de tres a\u00f1os a partir de la fecha en que ocurre la lesi\u00f3n. Si no presenta una demanda dentro de este plazo, es probable que no sea elegible para presentar una demanda. Nuestros abogados pueden explicar m\u00e1s sobre este plazo; sin embargo, es crucial que se comunique con nosotros lo antes posible despu\u00e9s de su accidente.<\/p>\n\t<h2>\u00bfCu\u00e1l es el valor de mi caso de lesiones personales?<\/h2>\n<p>Despu\u00e9s de que usted o un ser querido sufran da\u00f1os por la negligencia de una persona o entidad, es probable que tenga derecho a una compensaci\u00f3n por sus lesiones y p\u00e9rdidas. Esto puede venir en forma de compensaci\u00f3n a trav\u00e9s de la compa\u00f1\u00eda de seguros de la parte culpable o mediante una demanda por lesiones personales. Nuestros abogados de Rutherfordton est\u00e1n listos para representarlo en la negociaci\u00f3n de un acuerdo justo o luchar por usted en los tribunales.<\/p>\n<p>La compensaci\u00f3n por un caso exitoso de lesiones personales puede incluir:<\/p>\n<ul>\n<li>Sus facturas y gastos m\u00e9dicos, actuales y futuros<\/li>\n<li>Sus salarios perdidos y su futuro potencial de ingresos<\/li>\n<li>Dolor y sufrimiento, que incluye dolor f\u00edsico y emocional.<\/li>\n<li>Cualquier da\u00f1o a la propiedad causado por el accidente.<\/li>\n<\/ul>\n<p>Sin embargo, el valor exacto de un caso puede variar ampliamente seg\u00fan las circunstancias personales de la v\u00edctima de la lesi\u00f3n, como la gravedad de la lesi\u00f3n y cu\u00e1nto tiempo es probable que le afecte. Trabajamos con un equipo de expertos para determinar el verdadero alcance de sus p\u00e9rdidas para garantizar que obtenga una compensaci\u00f3n justa y adecuada, para cubrir sus necesidades ahora y en el futuro.<\/p>\n\t<h2>\u00bfTiene un abogado de lesiones personales cerca de m\u00ed?<\/h2>\n<p>Price, Petho &amp; Asociados tiene una oficina en Rutherfordton, NC en 224 North Main Street. Estamos ubicados en el centro de la ciudad ya poca distancia a pie del palacio de justicia. Tambi\u00e9n mantenemos oficinas en Charlotte y Rockingham para su comodidad. Si est\u00e1 demasiado lesionado para acudir a nosotros, hacemos visitas a domicilio y al hospital.<\/p>\n<h3>Abogados experimentados en lesiones personales que prestan servicios en Rutherfordton<\/h3>\n<p>Si usted o un ser querido sufrieron da\u00f1os debido a las acciones negligentes o descuidadas de otra persona, empresa o entidad en el \u00e1rea de Rutherfordton, comun\u00edquese con los abogados de lesiones de Price, Petho &amp; Asociados hoy. Nuestros abogados tienen una amplia experiencia en el manejo de reclamos complejos por lesiones personales en todo el estado y sabemos lo que se necesita para ayudar a los clientes a recuperar la compensaci\u00f3n que necesitan. No dude en llamar <a href=\"tel:7043722160\">704-372-2160<\/a> o llena nuestro Formulario de contacto para agendar su consulta. Sirviendo a Charlotte, Rockingham, Rutherfordton y todo el Bajo Piedmont.<\/p>\n\n","protected":false},"excerpt":{"rendered":"<p>I reached out to Price, Petho, and Associates after I found myself in need of an attorney for an accident I was in that led to personal injury. This was my first experience with something like this and they guided me through the process every step of the way. Every question I had was answered&hellip;<\/p>\n","protected":false},"author":1,"featured_media":0,"parent":0,"menu_order":0,"comment_status":"closed","ping_status":"closed","template":"","meta":{"footnotes":""},"class_list":["post-5252","page","type-page","status-publish","hentry"],"yoast_head":"<!-- This site is optimized with the Yoast SEO plugin v27.3 - https:\/\/yoast.com\/product\/yoast-seo-wordpress\/ -->\n<title>Rutherfordton | Price Petho &amp; Associates, Personal Injury Attorneys<\/title>\n<meta name=\"robots\" content=\"index, follow, max-snippet:-1, max-image-preview:large, max-video-preview:-1\" \/>\n<link rel=\"canonical\" href=\"https:\/\/priceattorneys.com\/es\/rutherfordton\/\" \/>\n<meta property=\"og:locale\" content=\"es_ES\" \/>\n<meta property=\"og:type\" content=\"article\" \/>\n<meta property=\"og:title\" content=\"Rutherfordton | Price Petho &amp; Associates, Personal Injury Attorneys\" \/>\n<meta property=\"og:description\" content=\"Abogados de lesiones personales de Rutherfordton Abogado respetado para v\u00edctimas de lesiones y sus familias en el condado de Rutherford, NC Cuando usted o alguien a quien ama sufre da\u00f1o debido a las acciones negligentes de otro, enfrenta una monta\u00f1a de desaf\u00edos. Adem\u00e1s de lidiar con el dolor de una lesi\u00f3n grave, es posible que&hellip;\" \/>\n<meta property=\"og:url\" content=\"https:\/\/priceattorneys.com\/es\/rutherfordton\/\" \/>\n<meta property=\"og:site_name\" content=\"Price Petho &amp; Associates, Personal Injury Attorneys\" \/>\n<meta property=\"article:modified_time\" content=\"2022-05-02T16:58:46+00:00\" \/>\n<meta property=\"og:image\" content=\"https:\/\/priceattorneys.com\/wp-content\/uploads\/2022\/03\/Personal-Injury-Charlotte.jpg\" \/>\n<meta name=\"twitter:card\" content=\"summary_large_image\" \/>\n<meta name=\"twitter:label1\" content=\"Tiempo de lectura\" \/>\n\t<meta name=\"twitter:data1\" content=\"8 minutos\" \/>\n<script type=\"application\/ld+json\" class=\"yoast-schema-graph\">{\"@context\":\"https:\\\/\\\/schema.org\",\"@graph\":[{\"@type\":\"WebPage\",\"@id\":\"https:\\\/\\\/priceattorneys.com\\\/es\\\/rutherfordton\\\/\",\"url\":\"https:\\\/\\\/priceattorneys.com\\\/es\\\/rutherfordton\\\/\",\"name\":\"Rutherfordton | Price Petho &amp; Associates, Personal Injury Attorneys\",\"isPartOf\":{\"@id\":\"https:\\\/\\\/priceattorneys.com\\\/es\\\/#website\"},\"primaryImageOfPage\":{\"@id\":\"https:\\\/\\\/priceattorneys.com\\\/es\\\/rutherfordton\\\/#primaryimage\"},\"image\":{\"@id\":\"https:\\\/\\\/priceattorneys.com\\\/es\\\/rutherfordton\\\/#primaryimage\"},\"thumbnailUrl\":\"https:\\\/\\\/priceattorneys.com\\\/wp-content\\\/uploads\\\/2022\\\/03\\\/Personal-Injury-Charlotte.jpg\",\"datePublished\":\"2022-03-18T22:29:22+00:00\",\"dateModified\":\"2022-05-02T16:58:46+00:00\",\"breadcrumb\":{\"@id\":\"https:\\\/\\\/priceattorneys.com\\\/es\\\/rutherfordton\\\/#breadcrumb\"},\"inLanguage\":\"es\",\"potentialAction\":[{\"@type\":\"ReadAction\",\"target\":[\"https:\\\/\\\/priceattorneys.com\\\/es\\\/rutherfordton\\\/\"]}]},{\"@type\":\"ImageObject\",\"inLanguage\":\"es\",\"@id\":\"https:\\\/\\\/priceattorneys.com\\\/es\\\/rutherfordton\\\/#primaryimage\",\"url\":\"https:\\\/\\\/priceattorneys.com\\\/wp-content\\\/uploads\\\/2022\\\/03\\\/Personal-Injury-Charlotte.jpg\",\"contentUrl\":\"https:\\\/\\\/priceattorneys.com\\\/wp-content\\\/uploads\\\/2022\\\/03\\\/Personal-Injury-Charlotte.jpg\"},{\"@type\":\"BreadcrumbList\",\"@id\":\"https:\\\/\\\/priceattorneys.com\\\/es\\\/rutherfordton\\\/#breadcrumb\",\"itemListElement\":[{\"@type\":\"ListItem\",\"position\":1,\"name\":\"Home\",\"item\":\"https:\\\/\\\/priceattorneys.com\\\/es\\\/\"},{\"@type\":\"ListItem\",\"position\":2,\"name\":\"Rutherfordton\"}]},{\"@type\":\"WebSite\",\"@id\":\"https:\\\/\\\/priceattorneys.com\\\/es\\\/#website\",\"url\":\"https:\\\/\\\/priceattorneys.com\\\/es\\\/\",\"name\":\"Price Petho &amp; Associates, Personal Injury Attorneys\",\"description\":\"Charlotte Personal Injury Lawyers\",\"potentialAction\":[{\"@type\":\"SearchAction\",\"target\":{\"@type\":\"EntryPoint\",\"urlTemplate\":\"https:\\\/\\\/priceattorneys.com\\\/es\\\/?s={search_term_string}\"},\"query-input\":{\"@type\":\"PropertyValueSpecification\",\"valueRequired\":true,\"valueName\":\"search_term_string\"}}],\"inLanguage\":\"es\"}]}<\/script>\n<!-- \/ Yoast SEO plugin. -->","yoast_head_json":{"title":"Rutherfordton | Price Petho &amp; Associates, Personal Injury Attorneys","robots":{"index":"index","follow":"follow","max-snippet":"max-snippet:-1","max-image-preview":"max-image-preview:large","max-video-preview":"max-video-preview:-1"},"canonical":"https:\/\/priceattorneys.com\/es\/rutherfordton\/","og_locale":"es_ES","og_type":"article","og_title":"Rutherfordton | Price Petho &amp; Associates, Personal Injury Attorneys","og_description":"Abogados de lesiones personales de Rutherfordton Abogado respetado para v\u00edctimas de lesiones y sus familias en el condado de Rutherford, NC Cuando usted o alguien a quien ama sufre da\u00f1o debido a las acciones negligentes de otro, enfrenta una monta\u00f1a de desaf\u00edos. Adem\u00e1s de lidiar con el dolor de una lesi\u00f3n grave, es posible que&hellip;","og_url":"https:\/\/priceattorneys.com\/es\/rutherfordton\/","og_site_name":"Price Petho &amp; Associates, Personal Injury Attorneys","article_modified_time":"2022-05-02T16:58:46+00:00","og_image":[{"url":"https:\/\/priceattorneys.com\/wp-content\/uploads\/2022\/03\/Personal-Injury-Charlotte.jpg","type":"","width":"","height":""}],"twitter_card":"summary_large_image","twitter_misc":{"Tiempo de lectura":"8 minutos"},"schema":{"@context":"https:\/\/schema.org","@graph":[{"@type":"WebPage","@id":"https:\/\/priceattorneys.com\/es\/rutherfordton\/","url":"https:\/\/priceattorneys.com\/es\/rutherfordton\/","name":"Rutherfordton | Price Petho &amp; Associates, Personal Injury Attorneys","isPartOf":{"@id":"https:\/\/priceattorneys.com\/es\/#website"},"primaryImageOfPage":{"@id":"https:\/\/priceattorneys.com\/es\/rutherfordton\/#primaryimage"},"image":{"@id":"https:\/\/priceattorneys.com\/es\/rutherfordton\/#primaryimage"},"thumbnailUrl":"https:\/\/priceattorneys.com\/wp-content\/uploads\/2022\/03\/Personal-Injury-Charlotte.jpg","datePublished":"2022-03-18T22:29:22+00:00","dateModified":"2022-05-02T16:58:46+00:00","breadcrumb":{"@id":"https:\/\/priceattorneys.com\/es\/rutherfordton\/#breadcrumb"},"inLanguage":"es","potentialAction":[{"@type":"ReadAction","target":["https:\/\/priceattorneys.com\/es\/rutherfordton\/"]}]},{"@type":"ImageObject","inLanguage":"es","@id":"https:\/\/priceattorneys.com\/es\/rutherfordton\/#primaryimage","url":"https:\/\/priceattorneys.com\/wp-content\/uploads\/2022\/03\/Personal-Injury-Charlotte.jpg","contentUrl":"https:\/\/priceattorneys.com\/wp-content\/uploads\/2022\/03\/Personal-Injury-Charlotte.jpg"},{"@type":"BreadcrumbList","@id":"https:\/\/priceattorneys.com\/es\/rutherfordton\/#breadcrumb","itemListElement":[{"@type":"ListItem","position":1,"name":"Home","item":"https:\/\/priceattorneys.com\/es\/"},{"@type":"ListItem","position":2,"name":"Rutherfordton"}]},{"@type":"WebSite","@id":"https:\/\/priceattorneys.com\/es\/#website","url":"https:\/\/priceattorneys.com\/es\/","name":"Price Petho &amp; Associates, Personal Injury Attorneys","description":"Charlotte Personal Injury Lawyers","potentialAction":[{"@type":"SearchAction","target":{"@type":"EntryPoint","urlTemplate":"https:\/\/priceattorneys.com\/es\/?s={search_term_string}"},"query-input":{"@type":"PropertyValueSpecification","valueRequired":true,"valueName":"search_term_string"}}],"inLanguage":"es"}]}},"_links":{"self":[{"href":"https:\/\/priceattorneys.com\/es\/wp-json\/wp\/v2\/pages\/5252","targetHints":{"allow":["GET"]}}],"collection":[{"href":"https:\/\/priceattorneys.com\/es\/wp-json\/wp\/v2\/pages"}],"about":[{"href":"https:\/\/priceattorneys.com\/es\/wp-json\/wp\/v2\/types\/page"}],"author":[{"embeddable":true,"href":"https:\/\/priceattorneys.com\/es\/wp-json\/wp\/v2\/users\/1"}],"replies":[{"embeddable":true,"href":"https:\/\/priceattorneys.com\/es\/wp-json\/wp\/v2\/comments?post=5252"}],"version-history":[{"count":0,"href":"https:\/\/priceattorneys.com\/es\/wp-json\/wp\/v2\/pages\/5252\/revisions"}],"wp:attachment":[{"href":"https:\/\/priceattorneys.com\/es\/wp-json\/wp\/v2\/media?parent=5252"}],"curies":[{"name":"wp","href":"https:\/\/api.w.org\/{rel}","templated":true}]}}