{"id":5257,"date":"2022-03-18T22:29:54","date_gmt":"2022-03-18T22:29:54","guid":{"rendered":"https:\/\/priceattorneys.com\/?page_id=5257"},"modified":"2022-05-02T17:04:03","modified_gmt":"2022-05-02T17:04:03","slug":"rockingham","status":"publish","type":"page","link":"https:\/\/priceattorneys.com\/es\/rockingham\/","title":{"rendered":"Rockingham"},"content":{"rendered":"\n\n\t\t\t\t<img decoding=\"async\" src=\"https:\/\/priceattorneys.com\/wp-content\/uploads\/2022\/03\/Personal-Injury-Rockingham.jpg\" alt=\"Personal Injury Rockingham\" itemprop=\"image\" height=\"621\" width=\"1245\" title=\"Personal Injury Rockingham\" onerror=\"this.style.display='none'\"  \/>\n\t<h1>Abogados de lesiones personales de Rockingham<\/h1>\n<h2>Defensa experimentada para v\u00edctimas de accidentes y lesiones en el condado de Richmond, NC<\/h2>\n<p>Una lesi\u00f3n grave puede descarrilar por completo su vida: su trabajo, sus planes de vida, sus relaciones con amigos y familiares. Quiz\u00e1s se pregunte c\u00f3mo se recuperar\u00e1 de un accidente que le cambi\u00f3 la vida si no puede pagar las facturas, trabajar o lidiar con una lesi\u00f3n que cambia la forma en que todo fue antes. Sin embargo, hay ayuda disponible.<\/p>\n<p>Desde 1979, Price, Petho &amp; Asociados ha luchado por la justicia en nombre de los heridos. Creemos que nuestros clientes merecen la mejor representaci\u00f3n posible, y trabajamos todos los d\u00edas para lograr el \u00e9xito de los ciudadanos de Rockingham lesionados por causas ajenas a ellos. Con un historial de <a href=\"https:\/\/priceattorneys.com\/case-results\/\">resultados de casos exitosos<\/a>, perm\u00edtanos guiarlo a trav\u00e9s del sistema legal con confianza. Ofrecemos consultas gratuitas, as\u00ed que haga una cita para reunirse con nosotros hoy.<\/p>\n\t<h2>\u00bfQu\u00e9 le gustar\u00eda saber?<\/h2>\n\t<ul>\n<li><a href=\"#FAQ1\">\u00bfQu\u00e9 tipo de casos de lesiones personales en Rockingham maneja?<\/a><\/li>\n<li><a href=\"#FAQ2\">\u00bfCu\u00e1les son algunas lesiones graves y catastr\u00f3ficas t\u00edpicas?<\/a><\/li>\n<li><a href=\"#FAQ3\">\u00bfC\u00f3mo puede un abogado de lesiones de Rockingham ayudar en mi caso?<\/a><\/li>\n<li><a href=\"#FAQ4\">\u00bfCu\u00e1nto vale mi caso de lesiones personales?<\/a><\/li>\n<li><a href=\"#FAQ5\">\u00bfCu\u00e1l es el estatuto de limitaciones para las demandas por lesiones personales en Rockingham?<\/a><\/li>\n<li><a href=\"#FAQ6\">\u00bfTiene un abogado de lesiones personales cerca de m\u00ed?<\/a><\/li>\n<\/ul>\n\t<h4><img decoding=\"async\" src=\"https:\/\/priceattorneys.com\/wp-content\/uploads\/2022\/03\/GOOGLE-5-STAR-300x106.png\" alt=\"\" width=\"300\" height=\"106\" \/><\/h4>\n<div id=\"testimonial_rotator_wrap_3550\" class=\"testimonial_rotator_wrap\">\n\t<div id=\"testimonial_rotator_3550\" class=\"testimonial_rotator  cycletwo-slideshow format-rotator template-default\" data-cycletwo-timeout=\"5000\" data-cycletwo-speed=\"1000\" data-cycletwo-pause-on-hover=\"true\"  data-cycletwo-swipe=\"true\" data-cycletwo-fx=\"fade\" data-cycletwo-auto-height=\"calc\" data-cycletwo-slides=\"> div.slide\" data-cycletwo-log=\"false\" >\n<div class=\"slide slide1 testimonial_rotator_slide  item  cf-tr\">\n<div class=\"text testimonial_rotator_description\">\n<div class=\"testimonial_rotator_quote\">\nI reached out to Price, Petho, and Associates after I found myself in need of an attorney for an accident I was in that led to personal injury. This was my first experience with something like this and they guided me through the process every step of the way. Every question I had was answered promptly and I truly feel they had my best interest at heart. I highly recommend them if you should find yourself in need of these services. \u2013 C.P.<\/div>\n<\/div>\n<\/div>\n<\/div><!-- #testimonial_rotator_3550 -->\n<\/div><!-- .testimonial_rotator_wrap -->\n\n\n\t\t\t\t<img decoding=\"async\" src=\"https:\/\/priceattorneys.com\/wp-content\/uploads\/2022\/03\/Personal-Injury-Claim.jpg\" alt=\"Personal Injury Claim\" itemprop=\"image\" height=\"790\" width=\"900\" title=\"Personal Injury Claim\" onerror=\"this.style.display='none'\"  \/>\n\t<h2>\u00bfQu\u00e9 tipo de casos de lesiones personales en Rockingham maneja?<\/h2>\n<p>Los casos de lesiones personales surgen de varias maneras en nuestra \u00e1rea y sus alrededores. Los abogados de Price, Petho &amp; Asociados tienen d\u00e9cadas de experiencia legal combinada ayudando a clientes que han resultado lesionados debido a lo siguiente:<\/p>\n\t<ul>\n<li>Accidentes de camiones<\/li>\n<li>Accidentes de moto<\/li>\n<li>Accidentes automovil\u00edsticos<\/li>\n<li>Accidentes de veh\u00edculos de motor<\/li>\n<li>Conducci\u00f3n distraida<\/li>\n<li>Negligencia m\u00e9dica<\/li>\n<li>Locales inseguros<\/li>\n<\/ul>\n\t<ul>\n<li>Accidentes por resbalones y ca\u00eddas<\/li>\n<li>Mordeduras y ataques de perros<\/li>\n<li>Accidentes automovil\u00edsticos fatales<\/li>\n<li>Accidentes de bicicleta<\/li>\n<li>Accidentes de peatones<\/li>\n<li>Accidentes por conducir ebrio<\/li>\n<li>Accidentes de construccion<\/li>\n<\/ul>\n\t<p>Si result\u00f3 lesionado de alguna manera debido a la negligencia de otra persona, le recomendamos encarecidamente que llame a nuestras oficinas para discutir los detalles, de modo que podamos determinar el mejor camino a seguir para asegurar una compensaci\u00f3n total por sus p\u00e9rdidas. Si se lesion\u00f3 en un lugar de trabajo o en el curso de sus deberes laborales, podemos ayudarlo con su reclamo de compensaci\u00f3n de trabajadores.<\/p>\n<p>Adem\u00e1s, brindamos ayuda legal a los miembros de la familia en duelo que han perdido a un ser querido debido a las acciones descuidadas o negligentes de otros. nuestro rockingham <a href=\"https:\/\/priceattorneys.com\/es\/lesiones-personales\/muerte-injusta\/\">muerte injusta<\/a>\u00a0Los abogados est\u00e1n listos para atender su llamada cuando nos necesite.<\/p>\n\t<h2>\u00bfCu\u00e1les son algunas lesiones graves y catastr\u00f3ficas t\u00edpicas?<\/h2>\n<p>La gravedad de las lesiones causadas por estos incidentes puede variar ampliamente, dependiendo de los hechos y circunstancias que rodeen cada caso en particular. Nuestros abogados de lesiones personales de Rockingham trabajan regularmente con v\u00edctimas que sufrieron lesiones que les cambiaron la vida, que incluyen:<\/p>\n\t<ul>\n<li>Lesiones cerebrales traum\u00e1ticas<\/li>\n<li>Conmociones cerebrales<\/li>\n<li>Heridas abiertas en la cabeza<\/li>\n<li>Lesiones de la m\u00e9dula espinal con par\u00e1lisis<\/li>\n<li>Lesiones por quemaduras<\/li>\n<li>latigazo cervical severo<\/li>\n<li>Otras lesiones graves de espalda y cuello<\/li>\n<\/ul>\n\t<ul>\n<li>Laceraciones severas o heridas punzantes<\/li>\n<li>P\u00e9rdida de extremidades o lesiones por aplastamiento<\/li>\n<li>Da\u00f1o a \u00f3rganos internos<\/li>\n<li>Huesos rotos o dislocados<\/li>\n<li>Hemorragia interna<\/li>\n<li>Cicatrizaci\u00f3n significativa y desfiguraci\u00f3n.<\/li>\n<li>Enfermedades profesionales en el lugar de trabajo<\/li>\n<\/ul>\n\t<p>Adem\u00e1s de estas lesiones catastr\u00f3ficas, tambi\u00e9n ayudamos a clientes que han experimentado un trauma emocional y psicol\u00f3gico severo como resultado de un accidente y sus lesiones posteriores.<\/p>\n\t<h2>\u00bfC\u00f3mo puede un abogado de lesiones de Rockingham ayudar en mi caso?<\/h2>\n<p>Los casos de lesiones personales pueden volverse complejos incre\u00edblemente r\u00e1pido, y las v\u00edctimas de lesiones a menudo carecen de los recursos necesarios para investigar sus reclamos. Cuando recurre a nuestros abogados de lesiones personales, puede contar con un equipo de su lado que puede manejar todos los aspectos de su caso. Los abogados de Price, Petho &amp; Asociados cuentan con los recursos necesarios para:<\/p>\n<ul>\n<li><strong>Descubrir las pruebas necesarias para probar la responsabilidad<\/strong>. Esto incluye evidencia fotogr\u00e1fica de la escena del incidente, video vigilancia de edificios cercanos, declaraciones de testigos presenciales, informes policiales o de accidentes, y m\u00e1s.<\/li>\n<li><strong>Aseg\u00farese de ser evaluado por un profesional m\u00e9dico de confianza <\/strong>que puede tratar sus lesiones y ayudar a estimar sus costos m\u00e9dicos totales. Esto incluye sus costos y necesidades m\u00e9dicas futuras, no solo lo que ha acumulado desde su accidente.<\/li>\n<li><strong>Manejar toda la comunicaci\u00f3n y negociaci\u00f3n. <\/strong>con las compa\u00f1\u00edas de seguros y las partes culpables para obtener un acuerdo justo fuera de los tribunales. Esto ayuda a garantizar que los ajustadores de seguros y otros abogados no intenten aprovecharse de usted mientras intenta recuperarse de sus lesiones.<\/li>\n<li><strong>Lleve su caso a juicio si es necesario <\/strong>para garantizar que todas las partes lo traten de manera justa. Nuestros abogados preparan cada reclamo como si fuera a juicio para mostrarles a las otras partes que nos tomamos en serio cada caso y cada cliente. As\u00ed es como construimos nuestra reputaci\u00f3n.<\/li>\n<\/ul>\n<p>Nuestras d\u00e9cadas de experiencia legal combinada ayudan a las v\u00edctimas de lesiones y sus familias a obtener la compensaci\u00f3n que merecen, comenzar su recuperaci\u00f3n y obtener un cierre por lo que les sucedi\u00f3.<\/p>\n\t<h2>\u00bfCu\u00e1nto vale mi caso de lesiones personales?<\/h2>\n<p>Despu\u00e9s de un accidente y una lesi\u00f3n que no fue su culpa, tiene derecho a reclamar da\u00f1os y perjuicios en una acci\u00f3n por lesiones personales. Un reclamo exitoso le asegurar\u00e1 una compensaci\u00f3n financiera por p\u00e9rdidas que incluyen:<\/p>\n<ul>\n<li>Facturas y gastos m\u00e9dicos, actuales y futuros<\/li>\n<li>Salarios perdidos y p\u00e9rdida de potencial de ingresos<\/li>\n<li>Dolor y sufrimiento, es decir, su dolor f\u00edsico y mental<\/li>\n<li>Angustia emocional, por el trauma de su accidente y lesiones<\/li>\n<\/ul>\n<p>En casos raros, el tribunal puede otorgar a la v\u00edctima da\u00f1os punitivos, dise\u00f1ados para castigar al acusado. Estos solo se otorgan en los casos en que el acusado actu\u00f3 con un comportamiento atroz o negligencia grave. Nuestros abogados de lesiones de Rockingham pueden explicar m\u00e1s sobre c\u00f3mo funcionan estos en su consulta gratuita.<\/p>\n\t<h2>\u00bfCu\u00e1l es el estatuto de limitaciones para las demandas por lesiones personales en Rockingham?<\/h2>\n<p>Despu\u00e9s de un accidente y una lesi\u00f3n graves, tiene un tiempo limitado para presentar una demanda, lo que se denomina estatuto de limitaciones. Aqu\u00ed en Carolina del Norte, el estatuto de limitaciones para reclamos por lesiones personales es de tres a\u00f1os y dos a\u00f1os para reclamos por muerte injusta. Esperar demasiado para presentar un reclamo puede resultar en una denegaci\u00f3n y es posible que no pueda obtener una compensaci\u00f3n por sus p\u00e9rdidas. Para tener la mejor oportunidad de obtener un resultado exitoso, comun\u00edquese con los abogados de Price, Petho &amp; Asociados lo antes posible.<\/p>\n\t<h2>\u00bfTiene un abogado de lesiones personales cerca de m\u00ed?<\/h2>\n<p>Price, Petho &amp; Asociados tiene una oficina en Rockingham, NC en 801 East Broad Avenue. Estamos justo a la salida de Rockingham Road ya solo minutos del juzgado. Tambi\u00e9n mantenemos oficinas en Charlotte y Rutherfordton, para su comodidad. Si est\u00e1 demasiado lesionado para acudir a nosotros, hacemos visitas a domicilio y al hospital.<\/p>\n<h3>Abogados de confianza en lesiones personales de Rockingham de su lado<\/h3>\n<p>Despu\u00e9s de una lesi\u00f3n que le cambi\u00f3 la vida, no tiene que atravesar solo un complicado proceso legal. Los abogados especialistas en lesiones de Rockingham de Price, Petho &amp; Asociados comprenden perfectamente c\u00f3mo una lesi\u00f3n grave puede tener un impacto negativo en su vida y devastar sus finanzas. Durante su consulta gratuita, podemos discutir la situaci\u00f3n que provoc\u00f3 su lesi\u00f3n, identificar a la parte negligente y crear una estrategia de caso personalizada basada en sus necesidades legales y financieras. Para saber c\u00f3mo podemos ayudar, llame al <a href=\"tel:7043722160\">704-372-2160<\/a> o llena nuestro Formulario de contacto hoy dia. Sirviendo a Charlotte, Rockingham, Rutherfordton y todo el Bajo Piedmont.<\/p>\n\n","protected":false},"excerpt":{"rendered":"<p>I reached out to Price, Petho, and Associates after I found myself in need of an attorney for an accident I was in that led to personal injury. This was my first experience with something like this and they guided me through the process every step of the way. Every question I had was answered&hellip;<\/p>\n","protected":false},"author":1,"featured_media":0,"parent":0,"menu_order":0,"comment_status":"closed","ping_status":"closed","template":"","meta":{"footnotes":""},"class_list":["post-5257","page","type-page","status-publish","hentry"],"yoast_head":"<!-- This site is optimized with the Yoast SEO plugin v27.2 - https:\/\/yoast.com\/product\/yoast-seo-wordpress\/ -->\n<title>Rockingham | Price Petho &amp; Associates, Personal Injury Attorneys<\/title>\n<meta name=\"robots\" content=\"index, follow, max-snippet:-1, max-image-preview:large, max-video-preview:-1\" \/>\n<link rel=\"canonical\" href=\"https:\/\/priceattorneys.com\/es\/rockingham\/\" \/>\n<meta property=\"og:locale\" content=\"es_ES\" \/>\n<meta property=\"og:type\" content=\"article\" \/>\n<meta property=\"og:title\" content=\"Rockingham | Price Petho &amp; Associates, Personal Injury Attorneys\" \/>\n<meta property=\"og:description\" content=\"Abogados de lesiones personales de Rockingham Defensa experimentada para v\u00edctimas de accidentes y lesiones en el condado de Richmond, NC Una lesi\u00f3n grave puede descarrilar por completo su vida: su trabajo, sus planes de vida, sus relaciones con amigos y familiares. Quiz\u00e1s se pregunte c\u00f3mo se recuperar\u00e1 de un accidente que le cambi\u00f3 la vida&hellip;\" \/>\n<meta property=\"og:url\" content=\"https:\/\/priceattorneys.com\/es\/rockingham\/\" \/>\n<meta property=\"og:site_name\" content=\"Price Petho &amp; Associates, Personal Injury Attorneys\" \/>\n<meta property=\"article:modified_time\" content=\"2022-05-02T17:04:03+00:00\" \/>\n<meta property=\"og:image\" content=\"https:\/\/priceattorneys.com\/wp-content\/uploads\/2022\/03\/Personal-Injury-Rockingham.jpg\" \/>\n<meta name=\"twitter:card\" content=\"summary_large_image\" \/>\n<meta name=\"twitter:label1\" content=\"Tiempo de lectura\" \/>\n\t<meta name=\"twitter:data1\" content=\"7 minutos\" \/>\n<script type=\"application\/ld+json\" class=\"yoast-schema-graph\">{\"@context\":\"https:\/\/schema.org\",\"@graph\":[{\"@type\":\"WebPage\",\"@id\":\"https:\/\/priceattorneys.com\/es\/rockingham\/\",\"url\":\"https:\/\/priceattorneys.com\/es\/rockingham\/\",\"name\":\"Rockingham | Price Petho &amp; Associates, Personal Injury Attorneys\",\"isPartOf\":{\"@id\":\"https:\/\/priceattorneys.com\/es\/#website\"},\"primaryImageOfPage\":{\"@id\":\"https:\/\/priceattorneys.com\/es\/rockingham\/#primaryimage\"},\"image\":{\"@id\":\"https:\/\/priceattorneys.com\/es\/rockingham\/#primaryimage\"},\"thumbnailUrl\":\"https:\/\/priceattorneys.com\/wp-content\/uploads\/2022\/03\/Personal-Injury-Rockingham.jpg\",\"datePublished\":\"2022-03-18T22:29:54+00:00\",\"dateModified\":\"2022-05-02T17:04:03+00:00\",\"breadcrumb\":{\"@id\":\"https:\/\/priceattorneys.com\/es\/rockingham\/#breadcrumb\"},\"inLanguage\":\"es\",\"potentialAction\":[{\"@type\":\"ReadAction\",\"target\":[\"https:\/\/priceattorneys.com\/es\/rockingham\/\"]}]},{\"@type\":\"ImageObject\",\"inLanguage\":\"es\",\"@id\":\"https:\/\/priceattorneys.com\/es\/rockingham\/#primaryimage\",\"url\":\"https:\/\/priceattorneys.com\/wp-content\/uploads\/2022\/03\/Personal-Injury-Rockingham.jpg\",\"contentUrl\":\"https:\/\/priceattorneys.com\/wp-content\/uploads\/2022\/03\/Personal-Injury-Rockingham.jpg\"},{\"@type\":\"BreadcrumbList\",\"@id\":\"https:\/\/priceattorneys.com\/es\/rockingham\/#breadcrumb\",\"itemListElement\":[{\"@type\":\"ListItem\",\"position\":1,\"name\":\"Home\",\"item\":\"https:\/\/priceattorneys.com\/es\/\"},{\"@type\":\"ListItem\",\"position\":2,\"name\":\"Rockingham\"}]},{\"@type\":\"WebSite\",\"@id\":\"https:\/\/priceattorneys.com\/es\/#website\",\"url\":\"https:\/\/priceattorneys.com\/es\/\",\"name\":\"Price Petho &amp; Associates, Personal Injury Attorneys\",\"description\":\"Charlotte Personal Injury Lawyers\",\"potentialAction\":[{\"@type\":\"SearchAction\",\"target\":{\"@type\":\"EntryPoint\",\"urlTemplate\":\"https:\/\/priceattorneys.com\/es\/?s={search_term_string}\"},\"query-input\":{\"@type\":\"PropertyValueSpecification\",\"valueRequired\":true,\"valueName\":\"search_term_string\"}}],\"inLanguage\":\"es\"}]}<\/script>\n<!-- \/ Yoast SEO plugin. -->","yoast_head_json":{"title":"Rockingham | Price Petho &amp; Associates, Personal Injury Attorneys","robots":{"index":"index","follow":"follow","max-snippet":"max-snippet:-1","max-image-preview":"max-image-preview:large","max-video-preview":"max-video-preview:-1"},"canonical":"https:\/\/priceattorneys.com\/es\/rockingham\/","og_locale":"es_ES","og_type":"article","og_title":"Rockingham | Price Petho &amp; Associates, Personal Injury Attorneys","og_description":"Abogados de lesiones personales de Rockingham Defensa experimentada para v\u00edctimas de accidentes y lesiones en el condado de Richmond, NC Una lesi\u00f3n grave puede descarrilar por completo su vida: su trabajo, sus planes de vida, sus relaciones con amigos y familiares. Quiz\u00e1s se pregunte c\u00f3mo se recuperar\u00e1 de un accidente que le cambi\u00f3 la vida&hellip;","og_url":"https:\/\/priceattorneys.com\/es\/rockingham\/","og_site_name":"Price Petho &amp; Associates, Personal Injury Attorneys","article_modified_time":"2022-05-02T17:04:03+00:00","og_image":[{"url":"https:\/\/priceattorneys.com\/wp-content\/uploads\/2022\/03\/Personal-Injury-Rockingham.jpg","type":"","width":"","height":""}],"twitter_card":"summary_large_image","twitter_misc":{"Tiempo de lectura":"7 minutos"},"schema":{"@context":"https:\/\/schema.org","@graph":[{"@type":"WebPage","@id":"https:\/\/priceattorneys.com\/es\/rockingham\/","url":"https:\/\/priceattorneys.com\/es\/rockingham\/","name":"Rockingham | Price Petho &amp; Associates, Personal Injury Attorneys","isPartOf":{"@id":"https:\/\/priceattorneys.com\/es\/#website"},"primaryImageOfPage":{"@id":"https:\/\/priceattorneys.com\/es\/rockingham\/#primaryimage"},"image":{"@id":"https:\/\/priceattorneys.com\/es\/rockingham\/#primaryimage"},"thumbnailUrl":"https:\/\/priceattorneys.com\/wp-content\/uploads\/2022\/03\/Personal-Injury-Rockingham.jpg","datePublished":"2022-03-18T22:29:54+00:00","dateModified":"2022-05-02T17:04:03+00:00","breadcrumb":{"@id":"https:\/\/priceattorneys.com\/es\/rockingham\/#breadcrumb"},"inLanguage":"es","potentialAction":[{"@type":"ReadAction","target":["https:\/\/priceattorneys.com\/es\/rockingham\/"]}]},{"@type":"ImageObject","inLanguage":"es","@id":"https:\/\/priceattorneys.com\/es\/rockingham\/#primaryimage","url":"https:\/\/priceattorneys.com\/wp-content\/uploads\/2022\/03\/Personal-Injury-Rockingham.jpg","contentUrl":"https:\/\/priceattorneys.com\/wp-content\/uploads\/2022\/03\/Personal-Injury-Rockingham.jpg"},{"@type":"BreadcrumbList","@id":"https:\/\/priceattorneys.com\/es\/rockingham\/#breadcrumb","itemListElement":[{"@type":"ListItem","position":1,"name":"Home","item":"https:\/\/priceattorneys.com\/es\/"},{"@type":"ListItem","position":2,"name":"Rockingham"}]},{"@type":"WebSite","@id":"https:\/\/priceattorneys.com\/es\/#website","url":"https:\/\/priceattorneys.com\/es\/","name":"Price Petho &amp; Associates, Personal Injury Attorneys","description":"Charlotte Personal Injury Lawyers","potentialAction":[{"@type":"SearchAction","target":{"@type":"EntryPoint","urlTemplate":"https:\/\/priceattorneys.com\/es\/?s={search_term_string}"},"query-input":{"@type":"PropertyValueSpecification","valueRequired":true,"valueName":"search_term_string"}}],"inLanguage":"es"}]}},"_links":{"self":[{"href":"https:\/\/priceattorneys.com\/es\/wp-json\/wp\/v2\/pages\/5257","targetHints":{"allow":["GET"]}}],"collection":[{"href":"https:\/\/priceattorneys.com\/es\/wp-json\/wp\/v2\/pages"}],"about":[{"href":"https:\/\/priceattorneys.com\/es\/wp-json\/wp\/v2\/types\/page"}],"author":[{"embeddable":true,"href":"https:\/\/priceattorneys.com\/es\/wp-json\/wp\/v2\/users\/1"}],"replies":[{"embeddable":true,"href":"https:\/\/priceattorneys.com\/es\/wp-json\/wp\/v2\/comments?post=5257"}],"version-history":[{"count":0,"href":"https:\/\/priceattorneys.com\/es\/wp-json\/wp\/v2\/pages\/5257\/revisions"}],"wp:attachment":[{"href":"https:\/\/priceattorneys.com\/es\/wp-json\/wp\/v2\/media?parent=5257"}],"curies":[{"name":"wp","href":"https:\/\/api.w.org\/{rel}","templated":true}]}}